{"id":893,"date":"2026-02-25T11:54:51","date_gmt":"2026-02-25T10:54:51","guid":{"rendered":"https:\/\/komba-vgf.de\/wp\/?page_id=893"},"modified":"2026-03-05T15:26:19","modified_gmt":"2026-03-05T14:26:19","slug":"tv-n-verhandlungen-2026","status":"publish","type":"page","link":"https:\/\/komba-vgf.de\/wp\/?page_id=893","title":{"rendered":"TV-N Verhandlungen 2026"},"content":{"rendered":"<p>Liebe Kolleginnen und Kollegen, liebe Mitglieder,<br \/>\nin der Auftaktrunde am 20. Januar 2026 zwischen dbb und KAV Hessen haben wir unsere Forderungen f\u00fcr die Manteltarifverhandlungen TV-N Hessen vorgestellt. F\u00fcr unsere Mitglieder im kommunalen Nahverkehr k\u00e4mpfen wir f\u00fcr bessere Tarifregelungen.<\/p>\n<p>Unsere Forderungen<br \/>\nWir haben uns intensiv mit den Arbeitsbedingungen im hessischen Nahverkehr auseinandergesetzt. Klar ist, wir brauchen Verbesserungen. Darum fordern wir unter anderem:<\/p>\n<ul style=\"list-style-type: circle;\">\n<li>&#8211; <strong>Ballungsraumzulage f\u00fcr alle Besch\u00e4ftigten in St\u00e4dten ab 70.000 Einwohnern:<\/strong><br \/>\n&#8211; Erh\u00f6hung auf 0,60 Euro pro Stunde<br \/>\n&#8211; Dynamisierung der Zulage<\/li>\n<li><strong>Einf\u00fchrung einer Fahrdienstzulage in H\u00f6he von 142,89 Euro pro Monat.<\/strong><\/li>\n<li><strong>Zeitzuschl\u00e4ge auf Basis des individuellen Stundenlohns, mindestens jedoch auf Basis der Stufe 3<\/strong><\/li>\n<li>Erschwerniszuschl\u00e4ge in H\u00f6he von 7,5 Prozent des Stundenlohns f\u00fcr Stufe 1 der EG 2 ab einer Arbeitsplatztemperatur von 30 Grad und weniger als 17 Grad<br \/>\n&#8211; Wendezeiten sind voll als echte Arbeitszeit zu bewerten<br \/>\n&#8211; Maximaler Abzug von 30 Minuten Pause pro Dienstschicht<br \/>\n&#8211; Laufzeit: 12 Monate<\/li>\n<\/ul>\n<p><strong>Au\u00dferdem erwarten wir konkret von der Arbeitgeberseite<\/strong><br \/>\n&#8211; Erh\u00f6hung des Urlaubsanspruchs auf 31 Tage<br \/>\n&#8211; Verbesserungen und Konkretisierungen in der Entgeltordnung<\/p>\n<p>Ausblick<br \/>\nJetzt kommt es auf die Arbeitgeber an. Sie sind am Zug. Wir warten auf ein Angebot, dass diese Punkte ber\u00fccksichtigt und so den Druck aus den Verhandlungen nimmt.<\/p>\n<p><span style=\"font-size: 14pt;\"><em><strong>Was wir bekamen:<\/strong><\/em><\/span><\/p>\n<p>Das einf\u00fcgen des Vorgehens bei den Stufenlaufzeiten in der Eingruppierung innerhalb der 3 Jahre. (Steht auch im TV-\u00d6D)<\/p>\n<p>Eine Zulage von 8% bei der Mitarbeitergewinnung die aber durch die n\u00e4chsten Tariferh\u00f6hungen abgeschmelzt werden k\u00f6nnen.<\/p>\n<p>Ansonsten Nichts.<\/p>\n","protected":false},"excerpt":{"rendered":"<p>Liebe Kolleginnen und Kollegen, liebe Mitglieder, in der Auftaktrunde am 20. Januar 2026 zwischen dbb und KAV Hessen haben wir unsere Forderungen f\u00fcr die Manteltarifverhandlungen&#8230;<\/p>\n","protected":false},"author":1,"featured_media":0,"parent":0,"menu_order":0,"comment_status":"closed","ping_status":"closed","template":"","meta":{"footnotes":""},"class_list":["post-893","page","type-page","status-publish","hentry","entry"],"_links":{"self":[{"href":"https:\/\/komba-vgf.de\/wp\/index.php?rest_route=\/wp\/v2\/pages\/893","targetHints":{"allow":["GET"]}}],"collection":[{"href":"https:\/\/komba-vgf.de\/wp\/index.php?rest_route=\/wp\/v2\/pages"}],"about":[{"href":"https:\/\/komba-vgf.de\/wp\/index.php?rest_route=\/wp\/v2\/types\/page"}],"author":[{"embeddable":true,"href":"https:\/\/komba-vgf.de\/wp\/index.php?rest_route=\/wp\/v2\/users\/1"}],"replies":[{"embeddable":true,"href":"https:\/\/komba-vgf.de\/wp\/index.php?rest_route=%2Fwp%2Fv2%2Fcomments&post=893"}],"version-history":[{"count":1,"href":"https:\/\/komba-vgf.de\/wp\/index.php?rest_route=\/wp\/v2\/pages\/893\/revisions"}],"predecessor-version":[{"id":894,"href":"https:\/\/komba-vgf.de\/wp\/index.php?rest_route=\/wp\/v2\/pages\/893\/revisions\/894"}],"wp:attachment":[{"href":"https:\/\/komba-vgf.de\/wp\/index.php?rest_route=%2Fwp%2Fv2%2Fmedia&parent=893"}],"curies":[{"name":"wp","href":"https:\/\/api.w.org\/{rel}","templated":true}]}}