{"id":46,"date":"2016-10-05T11:39:53","date_gmt":"2016-10-05T09:39:53","guid":{"rendered":"http:\/\/komba-vgf.de\/wp\/?page_id=46"},"modified":"2026-03-16T09:18:48","modified_gmt":"2026-03-16T08:18:48","slug":"warum-komba","status":"publish","type":"page","link":"https:\/\/komba-vgf.de\/wp\/?page_id=46","title":{"rendered":"Warum komba"},"content":{"rendered":"<p>Wer oder was ist die komba gewerkschaft?<\/p>\n<p>Wenigen ist es bekannt, aber es ist eine der traditionsreichsten Gewerkschaften f\u00fcr den kommunalen Dienst. Sie besteht seit 1893, unterbrochen von 1933 bis 1945. In ihr sind Beamte, Angestellte, Arbeiter, Auszubildende, Anw\u00e4rter, Versorgungsempf\u00e4nger und Rentner organisiert, aus allen Berufsgruppen, die im kommunalen Dienst besch\u00e4ftigt sind (bzw. zuletzt waren). Das &#8222;kommunale&#8220; ist nicht auf das Rathaus beschr\u00e4nkt, sondern umfa\u00dft auch alle Einrichtungen, an denen die Kommune ma\u00dfgeblich beteiligt ist (z.B. Krankenh\u00e4user, Sparkassen, Stadtwerke, Verkehrsbetriebe etc.).<\/p>\n<p>Organisation der komba gewerkschaft<br \/>\nDie komba gewerkschaft ist eine demokratisch aufgebaute und parteipolitisch unabh\u00e4ngige Gewerkschaft.<br \/>\nAls dezentrale Organisation mit 150 Orts- und Kreisverb\u00e4nden\u00a0 und zus\u00e4tzlichen Fachgruppen bei den Landschaftsverb\u00e4nden arbeiten wir mit zahlreichen ehrenamtlichen Mitarbeitern, die selbst in den Kommunen und Betrieben t\u00e4tig sind. So gew\u00e4hrleistet komba eine ortsnahe, praxisbezogene und kosteng\u00fcnstige Betreuung ihrer Mitglieder.<br \/>\nWir treten f\u00fcr Gewerkschaftspluralismus ein und halten nichts von dem Alleinvertretungsanspruch anderer Gewerkschaften.<br \/>\nEingebunden in die gro\u00dfe Solidargemeinschaft von \u00fcber 1,4 Millionen Mitgliedern im dbb deutschen beamtenbund und tarifunion nimmt die komba gewerkschaft erfolgreich Einflu\u00df auf Verwaltung, Politik und Gesetzgebung<\/p>\n<figure id=\"attachment_913\" aria-describedby=\"caption-attachment-913\" style=\"width: 333px\" class=\"wp-caption alignnone\"><img loading=\"lazy\" decoding=\"async\" class=\"wp-image-913 size-full\" src=\"https:\/\/komba-vgf.de\/wp\/wp-content\/uploads\/2026\/03\/mitgliedervorteile_im_ueberblick.jpg\" alt=\"\" width=\"333\" height=\"237\" srcset=\"https:\/\/komba-vgf.de\/wp\/wp-content\/uploads\/2026\/03\/mitgliedervorteile_im_ueberblick.jpg 333w, https:\/\/komba-vgf.de\/wp\/wp-content\/uploads\/2026\/03\/mitgliedervorteile_im_ueberblick-300x214.jpg 300w\" sizes=\"auto, (max-width: 333px) 100vw, 333px\" \/><figcaption id=\"caption-attachment-913\" class=\"wp-caption-text\">komba Mitgliedervorteile im \u00dcberblick<\/figcaption><\/figure>\n<p><a href=\"https:\/\/komba-vgf.de\/wp\/wp-content\/uploads\/2026\/03\/Flyer_Mitgliedervorteile_komba_kv-frankfurt-vgf_ohne_beschnitt_05.03.2026.pdf\" target=\"_blank\" rel=\"noopener\">Flyer der Mitgliedervorteile<\/a><\/p>\n","protected":false},"excerpt":{"rendered":"<p>Wer oder was ist die komba gewerkschaft? Wenigen ist es bekannt, aber es ist eine der traditionsreichsten Gewerkschaften f\u00fcr den kommunalen Dienst. Sie besteht seit&#8230;<\/p>\n","protected":false},"author":1,"featured_media":0,"parent":0,"menu_order":0,"comment_status":"closed","ping_status":"closed","template":"","meta":{"footnotes":""},"class_list":["post-46","page","type-page","status-publish","hentry","entry"],"_links":{"self":[{"href":"https:\/\/komba-vgf.de\/wp\/index.php?rest_route=\/wp\/v2\/pages\/46","targetHints":{"allow":["GET"]}}],"collection":[{"href":"https:\/\/komba-vgf.de\/wp\/index.php?rest_route=\/wp\/v2\/pages"}],"about":[{"href":"https:\/\/komba-vgf.de\/wp\/index.php?rest_route=\/wp\/v2\/types\/page"}],"author":[{"embeddable":true,"href":"https:\/\/komba-vgf.de\/wp\/index.php?rest_route=\/wp\/v2\/users\/1"}],"replies":[{"embeddable":true,"href":"https:\/\/komba-vgf.de\/wp\/index.php?rest_route=%2Fwp%2Fv2%2Fcomments&post=46"}],"version-history":[{"count":4,"href":"https:\/\/komba-vgf.de\/wp\/index.php?rest_route=\/wp\/v2\/pages\/46\/revisions"}],"predecessor-version":[{"id":914,"href":"https:\/\/komba-vgf.de\/wp\/index.php?rest_route=\/wp\/v2\/pages\/46\/revisions\/914"}],"wp:attachment":[{"href":"https:\/\/komba-vgf.de\/wp\/index.php?rest_route=%2Fwp%2Fv2%2Fmedia&parent=46"}],"curies":[{"name":"wp","href":"https:\/\/api.w.org\/{rel}","templated":true}]}}