{"id":448,"date":"2021-05-25T11:05:56","date_gmt":"2021-05-25T09:05:56","guid":{"rendered":"https:\/\/komba-vgf.de\/wp\/?page_id=448"},"modified":"2026-03-05T15:51:27","modified_gmt":"2026-03-05T14:51:27","slug":"zusatzinfos","status":"publish","type":"page","link":"https:\/\/komba-vgf.de\/wp\/?page_id=448","title":{"rendered":"Zusatzinfos"},"content":{"rendered":"<div class=\"elementor-element elementor-element-7cceea3 elementor-widget elementor-widget-text-editor\" data-id=\"7cceea3\" data-element_type=\"widget\" data-widget_type=\"text-editor.default\">\n<div class=\"elementor-widget-container\">\n<p>Deine Mitgliedschaft beinhaltet wichtige Leistungen und spezielle Angebote f\u00fcr den Berufsalltag.<\/p>\n<\/div>\n<\/div>\n<div class=\"elementor-element elementor-element-62143eb7 elementor-align-left elementor-list-item-link-full_width elementor-widget elementor-widget-icon-list\" data-id=\"62143eb7\" data-element_type=\"widget\" data-widget_type=\"icon-list.default\">\n<div class=\"elementor-widget-container\">\n<ul class=\"elementor-icon-list-items\">\n<li class=\"elementor-icon-list-item\"><i class=\"fas fa-check\" aria-hidden=\"true\"><\/i> <span class=\"elementor-icon-list-text\">Rechtsberatung und Rechtsschutz mit einem direkten Draht zu unseren Jurist*innen \u2013 wir bieten dir Rechtsberatung und -schutz im Arbeits-, Dienst-, Beamten- und Sozialrecht<\/span><\/li>\n<li class=\"elementor-icon-list-item\"><i class=\"fas fa-check\" aria-hidden=\"true\"><\/i> <span class=\"elementor-icon-list-text\">Ansprechpersonen aus deinem Arbeitsumfeld vor Ort \u2013 pers\u00f6nlich, per E-Mail oder telefonisch haben wir ein Ohr f\u00fcr deine Anliegen<\/span><\/li>\n<li class=\"elementor-icon-list-item\"><i class=\"fas fa-check\" aria-hidden=\"true\"><\/i> <span class=\"elementor-icon-list-text\">Professionelle Interessenvertretung \u2013 bei dir vor Ort, in der Landespolitik und auf Bundesebene<\/span><\/li>\n<li class=\"elementor-icon-list-item\"><i class=\"fas fa-check\" aria-hidden=\"true\"><\/i> <span class=\"elementor-icon-list-text\">Unsere Aussch\u00fcsse und Fachbereiche k\u00fcmmern sich auch um deine Berufsgruppe und besch\u00e4ftigen sich mit deinen arbeitsplatz- und berufsspezifischen Themen<\/span><\/li>\n<li class=\"elementor-icon-list-item\"><i class=\"fas fa-check\" aria-hidden=\"true\"><\/i> <span class=\"elementor-icon-list-text\">Starke Gemeinschaft und ein gutes Netzwerk \u2013 gemeinsam erreichen wir mehr finanzielle Anerkennung und Respekt f\u00fcr deine Arbeit<\/span><\/li>\n<li class=\"elementor-icon-list-item\"><i class=\"fas fa-check\" aria-hidden=\"true\"><\/i> <span class=\"elementor-icon-list-text\">Streikgeld bei Teilnahme an unseren Streiks \u2013 unser Beitrag f\u00fcr mehr Durchschlagskraft am Verhandlungstisch mit den Arbeitgeber*innen: Ausgleichszahlung des tats\u00e4chlichen Netto-Lohnausfalls.<\/span><\/li>\n<li class=\"elementor-icon-list-item\"><i class=\"fas fa-check\" aria-hidden=\"true\"><\/i> <span class=\"elementor-icon-list-text\">Seminarangebote \u2013 wir st\u00e4rken deine Kompetenzen und unterst\u00fctzen deinen beruflichen Weg<\/span><\/li>\n<li class=\"elementor-icon-list-item\"><i class=\"fas fa-check\" aria-hidden=\"true\"><\/i> <span class=\"elementor-icon-list-text\">Verg\u00fcnstigtes Onlineshopping \u00fcber den dbb vorteils Club, dem Online-Einkaufsportal mit Rabatten f\u00fcr mehr als 350 Markenshops, Auto-Leasing, g\u00fcnstige Versicherungen und Kredite, attraktive Reiseangebote, Beihilferechner und mehr \u2013 das dbb vorsorgewerk und die dbb vorsorgewelt entlasten im Alltag.<\/span><\/li>\n<li class=\"elementor-icon-list-item\"><i class=\"fas fa-check\" aria-hidden=\"true\"><\/i> <span class=\"elementor-icon-list-text\">Allgemeine Diensthaftpflichtversicherung inkl. Dienstschl\u00fcsselversicherung \u2013 weniger Sorgen im Berufsalltag<\/span><\/li>\n<li class=\"elementor-icon-list-item\"><i class=\"fas fa-check\" aria-hidden=\"true\"><\/i> <span class=\"elementor-icon-list-text\">Zulagenersatzversicherung f\u00fcr Feuerwehrkr\u00e4fte \u2013 abgesichert, wenn\u00b4s drauf ankommt<\/span><\/li>\n<li class=\"elementor-icon-list-item\"><i class=\"fas fa-check\" aria-hidden=\"true\"><\/i> <span class=\"elementor-icon-list-text\">Gut informiert zu deinen beruflichen Themen \u2013 mit unserer Mitgliederzeitschrift und unserer Homepage, \u00fcber Social Media, Post und E-Mail bleibst du stets informiert<\/span><\/li>\n<\/ul>\n<p>Weitere Infos zum Download:<\/p>\n<\/div>\n<\/div>\n<figure id=\"attachment_457\" aria-describedby=\"caption-attachment-457\" style=\"width: 250px\" class=\"wp-caption aligncenter\"><a href=\"https:\/\/www.dbb.de\/fileadmin\/user_upload\/globale_elemente\/pdfs\/2020\/200717_flyer_zusatzversorgung.pdf\" target=\"_blank\" rel=\"noopener\"><img loading=\"lazy\" decoding=\"async\" class=\"wp-image-457 size-full\" src=\"https:\/\/komba-vgf.de\/wp\/wp-content\/uploads\/2021\/05\/zusatzversorgung.png\" alt=\"Zusatzversorgung \" width=\"250\" height=\"173\" \/><\/a><figcaption id=\"caption-attachment-457\" class=\"wp-caption-text\"><span style=\"font-size: 12pt;\"><strong>Zusatzversorgung &#8211; Betriebsrente im \u00f6ffentlichen Dienst<\/strong><\/span><\/figcaption><\/figure>\n<figure id=\"attachment_456\" aria-describedby=\"caption-attachment-456\" style=\"width: 250px\" class=\"wp-caption aligncenter\"><a href=\"http:\/\/www.komba-lippe.de\/fileadmin\/user_upload\/kvlippe\/Downloads\/dbb-komba_DINlangFlyer_Ueberstunden_Online.pdf\" target=\"_blank\" rel=\"noopener\"><img loading=\"lazy\" decoding=\"async\" class=\"wp-image-456 size-full\" src=\"https:\/\/komba-vgf.de\/wp\/wp-content\/uploads\/2021\/05\/ueberstunden.png\" alt=\"\u00dcberstunden\" width=\"250\" height=\"175\" \/><\/a><figcaption id=\"caption-attachment-456\" class=\"wp-caption-text\"><span style=\"font-size: 12pt;\"><strong>\u00dcberstunden &#8211; Hinweise f\u00fcr Arbeinehmende<\/strong><\/span><\/figcaption><\/figure>\n<figure id=\"attachment_455\" aria-describedby=\"caption-attachment-455\" style=\"width: 250px\" class=\"wp-caption aligncenter\"><a href=\"https:\/\/www.dbb.de\/fileadmin\/user_upload\/globale_elemente\/pdfs\/2021\/210113_flyer_24_stunden_dienst.pdf\" target=\"_blank\" rel=\"noopener\"><img loading=\"lazy\" decoding=\"async\" class=\"wp-image-455 size-full\" src=\"https:\/\/komba-vgf.de\/wp\/wp-content\/uploads\/2021\/05\/notfallrettung.png\" alt=\"24 Stunden Dienste \" width=\"250\" height=\"174\" \/><\/a><figcaption id=\"caption-attachment-455\" class=\"wp-caption-text\"><span style=\"font-size: 12pt;\"><strong>24 Stunden Dienste in der Notfallrettung<\/strong><\/span><\/figcaption><\/figure>\n<p style=\"text-align: center;\">\n","protected":false},"excerpt":{"rendered":"<p>Deine Mitgliedschaft beinhaltet wichtige Leistungen und spezielle Angebote f\u00fcr den Berufsalltag. Rechtsberatung und Rechtsschutz mit einem direkten Draht zu unseren Jurist*innen \u2013 wir bieten dir&#8230;<\/p>\n","protected":false},"author":1,"featured_media":0,"parent":0,"menu_order":0,"comment_status":"closed","ping_status":"closed","template":"","meta":{"footnotes":""},"class_list":["post-448","page","type-page","status-publish","hentry","entry"],"_links":{"self":[{"href":"https:\/\/komba-vgf.de\/wp\/index.php?rest_route=\/wp\/v2\/pages\/448","targetHints":{"allow":["GET"]}}],"collection":[{"href":"https:\/\/komba-vgf.de\/wp\/index.php?rest_route=\/wp\/v2\/pages"}],"about":[{"href":"https:\/\/komba-vgf.de\/wp\/index.php?rest_route=\/wp\/v2\/types\/page"}],"author":[{"embeddable":true,"href":"https:\/\/komba-vgf.de\/wp\/index.php?rest_route=\/wp\/v2\/users\/1"}],"replies":[{"embeddable":true,"href":"https:\/\/komba-vgf.de\/wp\/index.php?rest_route=%2Fwp%2Fv2%2Fcomments&post=448"}],"version-history":[{"count":7,"href":"https:\/\/komba-vgf.de\/wp\/index.php?rest_route=\/wp\/v2\/pages\/448\/revisions"}],"predecessor-version":[{"id":454,"href":"https:\/\/komba-vgf.de\/wp\/index.php?rest_route=\/wp\/v2\/pages\/448\/revisions\/454"}],"wp:attachment":[{"href":"https:\/\/komba-vgf.de\/wp\/index.php?rest_route=%2Fwp%2Fv2%2Fmedia&parent=448"}],"curies":[{"name":"wp","href":"https:\/\/api.w.org\/{rel}","templated":true}]}}