{"id":21,"date":"2016-09-30T16:29:31","date_gmt":"2016-09-30T14:29:31","guid":{"rendered":"http:\/\/komba-vgf.de\/wp\/?page_id=21"},"modified":"2016-09-30T16:29:31","modified_gmt":"2016-09-30T14:29:31","slug":"technik","status":"publish","type":"page","link":"https:\/\/komba-vgf.de\/wp\/?page_id=21","title":{"rendered":"Technik"},"content":{"rendered":"<p>Unsere Ziele in der Technik:<\/p>\n<p>ZGW \/ ZWI<\/p>\n<p>K\u00fchlschrank \/Abstellfach<\/p>\n<p>Kantine zum Aufw\u00e4rmen von Speisen und K\u00fchlschrank<br \/>\nWir haben uns f\u00fcr diese Themen im Monatsgespr\u00e4ch mit der Gesch\u00e4ftsf\u00fchrung eingesetzt.<\/p>\n<p>Zum Thema Schichtdienst:<br \/>\nAuch Schichtdienstler sollten die M\u00f6glichkeit erhalten, eine Minimalgleitzeit von etwa 15 Min. bei Arbeitsbeginn\/-ende in Anspruch nehmen zu k\u00f6nnen. An- und Abfahrtzeiten von \u00f6ffentlichen Verkehrsmitteln richten sich leider nicht nach den Dienstzeiten der VGF. Sicher ist es richtig, dass jeder Arbeitnehmer eigenverantwortlich daf\u00fcr zu sorgen hat, seinen Arbeitsplatz p\u00fcnktlich zu erreichen. Doch steht es einem Arbeitgeber, der gerne mit seiner sozialen Ausrichtung wirbt, gut zu Gesicht, wenn er hier seinen Arbeitnehmern entgegenkommt. Dass das nicht an grunds\u00e4tzlich allen Arbeitspl\u00e4tzen m\u00f6glich ist, ist selbstredend. Doch sollte es da erm\u00f6glicht werden, wo es machbar ist.<\/p>\n<p>Verwaltung \/ Technik<\/p>\n<p>1 oder 2 Jahresvertr\u00e4ge bei der VGF lehnen wir ab.<br \/>\nIn Technik und Verwaltung werden die neuen Mitarbeiter, ausgebildet im eigenen Haus, nur mit 1 oder 2 Jahresvertr\u00e4gen eingestellt.<\/p>\n<p>Das wollen wir nicht !!<\/p>\n<p>Denn, wenn der Arbeitgeber nach einer Ausbildungszeit von 2 \u00bd\u00a0 \u2013 3 Jahren nicht wei\u00df, ob der Auszubildende f\u00fcr die Stelle geeignet ist, ist in der Ausbildung etwas falsch gelaufen oder der Arbeitgeber hat seine Hausaufgaben nicht gemacht.<br \/>\nJa, es steht so im TV-N Hessen f\u00fcr die Auszubildenden..<br \/>\nDennoch ist es kein gutes Signal an die neuen Kolleginnen und Kollegen, ihnen erst mal einen Jahresvertrag anzubieten.<\/p>\n<p>Diese Ansicht wird durch den dbb untermauert.<\/p>\n<p>Von wegen sicherer Arbeitsplatz: Im \u00f6ffentlichen Dienst ist die Zahl der befristeten Stellen auf einem Rekordniveau. \u201eIn den letzten zehn Jahren haben wir im Arbeitnehmerbereich einen Anstieg um etwa 36 Prozent bei den Befristungen zu verzeichnen\u201c, sagte der Zweite Vorsitzende und Fachvorstand Tarifpolitik des dbb, Willi Russ, am 6. M\u00e4rz 2014 in Berlin. \u201eIn vielen Bereichen kann der \u00f6ffentliche Dienst schon bei der Bezahlung nicht mit der Privatwirtschaft mithalten. Wenn nun auch mehr und mehr der Faktor Sicherheit wegbr\u00f6ckelt, braucht sich niemand \u00fcber immer gr\u00f6\u00dferen Nachwuchs- und Fachkr\u00e4ftemangel zu wundern.\u201c<br \/>\n\u201eJunge Menschen wollen eine echte Perspektive, bevor sie sich f\u00fcr einen Arbeitgeber entscheiden. Daher fordern wir, die unbefristete \u00dcbernahme aller Auszubildenden im Tarifvertrag festzuschreiben\u201c, bekr\u00e4ftigte Russ mit Blick auf die Verhandlungen zur Einkommensrunde mit Bund und Kommunen, die am 13. M\u00e4rz in Potsdam beginnen. Von unter 300.000 im Jahr 2002 sei die Zahl der befristeten Stellen im Arbeitnehmerbereich auf \u00fcber 400.000 im Jahr 2012 gewachsen. \u201eEs ist an der Zeit, ein Zeichen zu setzen und den \u00f6ffentlichen Dienst als attraktiven Arbeitgeber zu positionieren. Das Ende der heutigen Befristungspraxis und ein deutliches Einkommensplus sind daf\u00fcr der richtige Weg.\u201c<\/p>\n<p>Unbefristete Arbeitsvertr\u00e4ge f\u00fcr alle ehemaligen Auszubildende und neue Mitarbeiter.<\/p>\n<p>DAS wollen wir !!<\/p>\n<p>Bezahlung nach dem Stellenwert.<\/p>\n<p>Es ist immer noch \u00fcblich bei der VGF das Mitarbeiter nicht nach Ihrem Stellenwert bezahlt werden.<\/p>\n<p>WIR wollen das nicht !!<\/p>\n","protected":false},"excerpt":{"rendered":"<p>Unsere Ziele in der Technik: ZGW \/ ZWI K\u00fchlschrank \/Abstellfach Kantine zum Aufw\u00e4rmen von Speisen und K\u00fchlschrank Wir haben uns f\u00fcr diese Themen im Monatsgespr\u00e4ch&#8230;<\/p>\n","protected":false},"author":1,"featured_media":0,"parent":0,"menu_order":0,"comment_status":"closed","ping_status":"closed","template":"","meta":{"footnotes":""},"class_list":["post-21","page","type-page","status-publish","hentry","entry"],"_links":{"self":[{"href":"https:\/\/komba-vgf.de\/wp\/index.php?rest_route=\/wp\/v2\/pages\/21","targetHints":{"allow":["GET"]}}],"collection":[{"href":"https:\/\/komba-vgf.de\/wp\/index.php?rest_route=\/wp\/v2\/pages"}],"about":[{"href":"https:\/\/komba-vgf.de\/wp\/index.php?rest_route=\/wp\/v2\/types\/page"}],"author":[{"embeddable":true,"href":"https:\/\/komba-vgf.de\/wp\/index.php?rest_route=\/wp\/v2\/users\/1"}],"replies":[{"embeddable":true,"href":"https:\/\/komba-vgf.de\/wp\/index.php?rest_route=%2Fwp%2Fv2%2Fcomments&post=21"}],"version-history":[{"count":1,"href":"https:\/\/komba-vgf.de\/wp\/index.php?rest_route=\/wp\/v2\/pages\/21\/revisions"}],"predecessor-version":[{"id":22,"href":"https:\/\/komba-vgf.de\/wp\/index.php?rest_route=\/wp\/v2\/pages\/21\/revisions\/22"}],"wp:attachment":[{"href":"https:\/\/komba-vgf.de\/wp\/index.php?rest_route=%2Fwp%2Fv2%2Fmedia&parent=21"}],"curies":[{"name":"wp","href":"https:\/\/api.w.org\/{rel}","templated":true}]}}