{"id":2,"date":"2016-05-10T03:48:21","date_gmt":"2016-05-10T03:48:21","guid":{"rendered":"http:\/\/wp452m.a10-52-158-154.qa.plesk.ru\/wordpress\/?page_id=2"},"modified":"2026-02-19T15:04:10","modified_gmt":"2026-02-19T14:04:10","slug":"sample-page","status":"publish","type":"page","link":"https:\/\/komba-vgf.de\/wp\/?page_id=2","title":{"rendered":"Impressum"},"content":{"rendered":"<p>Verantwortlich<br \/>\nkomba hessen<br \/>\nkomba Gruppe in der VGF<br \/>\nBraubachstr. 10<br \/>\n60311 Frankfurt am Main<br \/>\nTelefon: 0170 9677916<br \/>\nFragen an einen komba Betriebsrat: 069 \/ 213-22828<br \/>\nE-Mail: a.poka@komba-vgf.de<\/p>\n<p>Vertretungsberechtigter<\/p>\n<p>Inhaltlich verantwortlich gem\u00e4\u00df Paragraf 55 Rundfunkstaatsvertrag (RfStV):<br \/>\nArno Poka<\/p>\n<p>Redaktion<br \/>\nInternetredaktion<\/p>\n<p>Technik: Arno Poka (verantw.),<br \/>\nVerwaltung: Anke Zawinul<br \/>\nWebseite: Markus Rauchfu\u00df<br \/>\nBraubachstr. 10<br \/>\n60311 Frankfurt am Main<br \/>\nMobil: 0170 9677916<br \/>\nEinen komba Betriebsrat: 069 \/ 213-22828<br \/>\nE-Mail: redaktion@komba-vgf.de<\/p>\n<p>Rechtshinweis<\/p>\n<p>Die komba-vgf.de pr\u00fcft und aktualisiert die Informationen auf seinen Webseiten st\u00e4ndig. Trotz aller Sorgfalt k\u00f6nnen sich die Daten ver\u00e4ndert haben. Eine Haftung oder Garantie f\u00fcr die Aktualit\u00e4t, Richtigkeit und Vollst\u00e4ndigkeit der zur Verf\u00fcgung gestellten Informationen kann daher nicht \u00fcbernommen werden. Gleiches gilt auch f\u00fcr alle anderen Websites, auf die mittels Hyperlink verwiesen wird. Die komba-vgf.de ist f\u00fcr den Inhalt der Websites, die aufgrund einer solchen Verbindung erreicht werden, nicht verantwortlich.<\/p>\n<p>Des Weiteren beh\u00e4lt sich die komba-vgf.de das Recht vor, \u00c4nderungen oder Erg\u00e4nzungen der bereitgestellten Informationen vorzunehmen.<br \/>\nDie inhaltliche Verantwortung f\u00fcr Seiten der Untergliederungen der komba-vgf.de beziehungsweise seiner bereichen liegen bei den jeweiligen Untergliederungen beziehungsweise Gruppen. Inhalt und Struktur der Websites der komba-vgf.de sind urheberrechtlich gesch\u00fctzt.<\/p>\n<p>Copyright<\/p>\n<p>Alle Inhalte, Bilder oder Grafiken sind urheberrechtlich gesch\u00fctzt und d\u00fcrfen nur mit schriftlicher Genehmigung des jeweiligen Rechteinhabers verwendet werden.<\/p>\n<p>Konzept, Design und technische Umsetzung<\/p>\n<p>Anke Zawinul, Arno Poka und Markus Rauchfu\u00df<\/p>\n","protected":false},"excerpt":{"rendered":"<p>Verantwortlich komba hessen komba Gruppe in der VGF Braubachstr. 10 60311 Frankfurt am Main Telefon: 0170 9677916 Fragen an einen komba Betriebsrat: 069 \/ 213-22828&#8230;<\/p>\n","protected":false},"author":1,"featured_media":0,"parent":0,"menu_order":0,"comment_status":"closed","ping_status":"closed","template":"","meta":{"footnotes":""},"class_list":["post-2","page","type-page","status-publish","hentry","entry"],"_links":{"self":[{"href":"https:\/\/komba-vgf.de\/wp\/index.php?rest_route=\/wp\/v2\/pages\/2","targetHints":{"allow":["GET"]}}],"collection":[{"href":"https:\/\/komba-vgf.de\/wp\/index.php?rest_route=\/wp\/v2\/pages"}],"about":[{"href":"https:\/\/komba-vgf.de\/wp\/index.php?rest_route=\/wp\/v2\/types\/page"}],"author":[{"embeddable":true,"href":"https:\/\/komba-vgf.de\/wp\/index.php?rest_route=\/wp\/v2\/users\/1"}],"replies":[{"embeddable":true,"href":"https:\/\/komba-vgf.de\/wp\/index.php?rest_route=%2Fwp%2Fv2%2Fcomments&post=2"}],"version-history":[{"count":6,"href":"https:\/\/komba-vgf.de\/wp\/index.php?rest_route=\/wp\/v2\/pages\/2\/revisions"}],"predecessor-version":[{"id":879,"href":"https:\/\/komba-vgf.de\/wp\/index.php?rest_route=\/wp\/v2\/pages\/2\/revisions\/879"}],"wp:attachment":[{"href":"https:\/\/komba-vgf.de\/wp\/index.php?rest_route=%2Fwp%2Fv2%2Fmedia&parent=2"}],"curies":[{"name":"wp","href":"https:\/\/api.w.org\/{rel}","templated":true}]}}